{"id":3694,"date":"2020-07-01T12:52:24","date_gmt":"2020-07-01T18:52:24","guid":{"rendered":"https:\/\/hunab.info\/en\/?post_type=product&#038;p=3694"},"modified":"2022-10-07T19:46:21","modified_gmt":"2022-10-08T01:46:21","slug":"native-tree","status":"publish","type":"product","link":"https:\/\/hunab.info\/en\/product\/native-tree\/","title":{"rendered":"Native Trees"},"content":{"rendered":"<p>By &#8220;adding to the cart&#8221; the adoption of a native tree, you contribute with a donation for the reforestation program of the HUNAB Ceiba Pentandra Park.<\/p>\n<p>Your donation includes:<\/p>\n<p>-The planting with fertilized land of a native tree or honey plant of the Yucatan Peninsula to reforest the HUNAB Park.<\/p>\n<p>-It will be an unusual species such as the Saponifera (its fruits are like a natural soap), Sinanch\u00e9, Black Zapote, Pich, Chooch, Dzizilch\u00e9, among others. Shrubs such as achiote or kerpis and kuk\u00e1s palms. The goal is to recover native and little-known species.<\/p>\n<p>-The care and monitoring of the plant to guarantee its survival. Did you know that in Yucatan we have two seasons? the rainy season and the dry season.<\/p>\n<p>-Personalized plantation certificate with the photograph of your tree. And when you visit us in M\u00e9rida, remember to stop by and visit it.<\/p>\n<p>In 2020 a fire reached our facilities, causing a significant loss of vegetation. Saturday volunteer days are making a faster recovery possible.<\/p>\n<p><img loading=\"lazy\" decoding=\"async\" class=\"alignnone size-full wp-image-3850\" src=\"https:\/\/hunab.info\/en\/wp-content\/uploads\/2020\/07\/Captura-de-Pantalla-2022-09-28-a-las-21.55.21-300x214-1.png\" alt=\"\" width=\"300\" height=\"214\" srcset=\"https:\/\/hunab.info\/en\/wp-content\/uploads\/2020\/07\/Captura-de-Pantalla-2022-09-28-a-las-21.55.21-300x214-1.png 300w, https:\/\/hunab.info\/en\/wp-content\/uploads\/2020\/07\/Captura-de-Pantalla-2022-09-28-a-las-21.55.21-300x214-1-24x17.png 24w, https:\/\/hunab.info\/en\/wp-content\/uploads\/2020\/07\/Captura-de-Pantalla-2022-09-28-a-las-21.55.21-300x214-1-36x26.png 36w, https:\/\/hunab.info\/en\/wp-content\/uploads\/2020\/07\/Captura-de-Pantalla-2022-09-28-a-las-21.55.21-300x214-1-48x34.png 48w\" sizes=\"(max-width: 300px) 100vw, 300px\" \/> <img loading=\"lazy\" decoding=\"async\" class=\"alignnone size-medium wp-image-3851\" src=\"https:\/\/hunab.info\/en\/wp-content\/uploads\/2020\/07\/Captura-de-Pantalla-2022-09-28-a-las-21.57.32-255x300-1.png\" alt=\"\" width=\"255\" height=\"300\" srcset=\"https:\/\/hunab.info\/en\/wp-content\/uploads\/2020\/07\/Captura-de-Pantalla-2022-09-28-a-las-21.57.32-255x300-1.png 255w, https:\/\/hunab.info\/en\/wp-content\/uploads\/2020\/07\/Captura-de-Pantalla-2022-09-28-a-las-21.57.32-255x300-1-20x24.png 20w, https:\/\/hunab.info\/en\/wp-content\/uploads\/2020\/07\/Captura-de-Pantalla-2022-09-28-a-las-21.57.32-255x300-1-31x36.png 31w, https:\/\/hunab.info\/en\/wp-content\/uploads\/2020\/07\/Captura-de-Pantalla-2022-09-28-a-las-21.57.32-255x300-1-41x48.png 41w\" sizes=\"(max-width: 255px) 100vw, 255px\" \/><\/p>\n<p>Volunteers are participating in the reforestation program, let&#8217;s support!<\/p>\n<p>Your donation is tax deductible!<\/p>\n<p>HUNAB is a donated charitable, in case you require a deductible tax receipt in Mexico, you can contact us at info@hunab.info<\/p>\n","protected":false},"excerpt":{"rendered":"<p><strong>Adopt a native plant!<\/strong><\/p>\n<p>Donate USD$10<\/p>\n<p>Participate in the reforestation of the HUNAB Ceiba Pentandra park by adopting a native plant. From melliferous (producers of pollen and nectar for pollinators) to trees with fruits that are less and less popular.<\/p>\n<p>With this action you contribute to the reactivation of the HUNAB Park, which for 9 years has been the learning space for children and young defenders of Grandma Earth. It features outdoor pavilions for environmental fun and learning.<\/p>\n","protected":false},"featured_media":3852,"template":"","meta":[],"product_cat":[110],"product_tag":[],"_links":{"self":[{"href":"https:\/\/hunab.info\/en\/wp-json\/wp\/v2\/product\/3694"}],"collection":[{"href":"https:\/\/hunab.info\/en\/wp-json\/wp\/v2\/product"}],"about":[{"href":"https:\/\/hunab.info\/en\/wp-json\/wp\/v2\/types\/product"}],"wp:featuredmedia":[{"embeddable":true,"href":"https:\/\/hunab.info\/en\/wp-json\/wp\/v2\/media\/3852"}],"wp:attachment":[{"href":"https:\/\/hunab.info\/en\/wp-json\/wp\/v2\/media?parent=3694"}],"wp:term":[{"taxonomy":"product_cat","embeddable":true,"href":"https:\/\/hunab.info\/en\/wp-json\/wp\/v2\/product_cat?post=3694"},{"taxonomy":"product_tag","embeddable":true,"href":"https:\/\/hunab.info\/en\/wp-json\/wp\/v2\/product_tag?post=3694"}],"curies":[{"name":"wp","href":"https:\/\/api.w.org\/{rel}","templated":true}]}}